{"id":85,"date":"2024-03-22T20:29:17","date_gmt":"2024-03-22T20:29:17","guid":{"rendered":"https:\/\/floralwhite-beaver-705513.hostingersite.com\/?page_id=85"},"modified":"2025-09-05T20:51:29","modified_gmt":"2025-09-05T20:51:29","slug":"le-caemos-a-tu-casa","status":"publish","type":"page","link":"https:\/\/enganandocarnivoros.com\/en\/le-caemos-a-tu-casa\/","title":{"rendered":"We'll come to you!"},"content":{"rendered":"<div data-elementor-type=\"wp-page\" data-elementor-id=\"85\" class=\"elementor elementor-85\" data-elementor-settings=\"{&quot;ha_cmc_init_switcher&quot;:&quot;no&quot;}\">\n\t\t\t\t\t\t<section class=\"elementor-section elementor-top-section elementor-element elementor-element-6d4f13b elementor-section-height-min-height elementor-section-boxed elementor-section-height-default elementor-section-items-middle\" data-id=\"6d4f13b\" data-element_type=\"section\" data-settings=\"{&quot;jet_parallax_layout_list&quot;:[],&quot;background_background&quot;:&quot;classic&quot;,&quot;_ha_eqh_enable&quot;:false}\">\n\t\t\t\t\t\t<div class=\"elementor-container elementor-column-gap-default\">\n\t\t\t\t\t<div class=\"elementor-column elementor-col-100 elementor-top-column elementor-element elementor-element-6ffd495\" data-id=\"6ffd495\" data-element_type=\"column\">\n\t\t\t<div class=\"elementor-widget-wrap elementor-element-populated\">\n\t\t\t\t\t\t<div class=\"elementor-element elementor-element-c01014e e-transform elementor-invisible elementor-widget elementor-widget-heading\" data-id=\"c01014e\" data-element_type=\"widget\" data-settings=\"{&quot;_transform_rotateZ_effect&quot;:{&quot;unit&quot;:&quot;px&quot;,&quot;size&quot;:-11,&quot;sizes&quot;:[]},&quot;_animation&quot;:&quot;slideInRight&quot;,&quot;_transform_rotateZ_effect_laptop&quot;:{&quot;unit&quot;:&quot;deg&quot;,&quot;size&quot;:&quot;&quot;,&quot;sizes&quot;:[]},&quot;_transform_rotateZ_effect_tablet&quot;:{&quot;unit&quot;:&quot;deg&quot;,&quot;size&quot;:&quot;&quot;,&quot;sizes&quot;:[]},&quot;_transform_rotateZ_effect_mobile&quot;:{&quot;unit&quot;:&quot;deg&quot;,&quot;size&quot;:&quot;&quot;,&quot;sizes&quot;:[]}}\" data-widget_type=\"heading.default\">\n\t\t\t\t<div class=\"elementor-widget-container\">\n\t\t\t\t\t<h2 class=\"elementor-heading-title elementor-size-default translation-block\">SHHH.. <br>\nFOOL THE VISIT<\/h2>\t\t\t\t<\/div>\n\t\t\t\t<\/div>\n\t\t\t\t<section class=\"elementor-section elementor-inner-section elementor-element elementor-element-e3cfb93 elementor-section-boxed elementor-section-height-default elementor-section-height-default\" data-id=\"e3cfb93\" data-element_type=\"section\" data-settings=\"{&quot;jet_parallax_layout_list&quot;:[],&quot;_ha_eqh_enable&quot;:false}\">\n\t\t\t\t\t\t<div class=\"elementor-container elementor-column-gap-default\">\n\t\t\t\t\t<div class=\"elementor-column elementor-col-50 elementor-inner-column elementor-element elementor-element-e92fb0a\" data-id=\"e92fb0a\" data-element_type=\"column\">\n\t\t\t<div class=\"elementor-widget-wrap elementor-element-populated\">\n\t\t\t\t\t\t<div class=\"elementor-element elementor-element-a899d67 elementor-widget elementor-widget-heading\" data-id=\"a899d67\" data-element_type=\"widget\" data-widget_type=\"heading.default\">\n\t\t\t\t<div class=\"elementor-widget-container\">\n\t\t\t\t\t<h2 class=\"elementor-heading-title elementor-size-default\"> THE ONLY RESTAURANT <br>IN THE WORLD <br>DESIGNED FOR <br>CARN\u00cdVOROS.<\/h2>\t\t\t\t<\/div>\n\t\t\t\t<\/div>\n\t\t\t\t<div class=\"elementor-element elementor-element-37ba318 elementor-hidden-desktop elementor-hidden-laptop elementor-hidden-tablet elementor-hidden-mobile elementor-widget elementor-widget-elementskit-client-logo\" data-id=\"37ba318\" data-element_type=\"widget\" data-widget_type=\"elementskit-client-logo.default\">\n\t\t\t\t<div class=\"elementor-widget-container\">\n\t\t\t\t\t<div class=\"ekit-wid-con\" >\t\t<div class=\"elementskit-clients-slider  hover_from_bottom banner_logo_image\" data-config=\"{&quot;rtl&quot;:false,&quot;arrows&quot;:false,&quot;dots&quot;:false,&quot;autoplay&quot;:false,&quot;speed&quot;:1000,&quot;slidesPerView&quot;:4,&quot;slidesPerGroup&quot;:1,&quot;pauseOnHover&quot;:false,&quot;loop&quot;:false,&quot;breakpoints&quot;:{&quot;320&quot;:{&quot;slidesPerView&quot;:4,&quot;slidesPerGroup&quot;:1,&quot;spaceBetween&quot;:10},&quot;768&quot;:{&quot;slidesPerView&quot;:4,&quot;slidesPerGroup&quot;:1,&quot;spaceBetween&quot;:10},&quot;1024&quot;:{&quot;slidesPerView&quot;:4,&quot;slidesPerGroup&quot;:1,&quot;spaceBetween&quot;:4}}}\" data-direction=\"hover_from_bottom\">\n\t\t\t<div class=\"ekit-main-swiper swiper\">\n\t\t\t\t<div class=\"swiper-wrapper\">\n\t\t\t\t\t\t\t\t\t\t\t<div class=\"elementskit-client-slider-item swiper-slide\">\n\t\t\t\t\t\t\t<div class=\"swiper-slide-inner\">\n\t\t\t\t\t\t\t\t<div class=\"single-client image-switcher\" title=\"T\u00edtulo #1\">\n\t\t\t\t\t\t\t\t\t\t\t\t\t\t\t\t\t\t\t<a href=\"https:\/\/www.ubereats.com\/store\/100-hp\/p5dgoypuW0q38Gry6g5_fg\" target=\"_blank\">\n\t\t\t\t\t\t\t\t\t\t\t<span class=\"content-image\">\n\t\t\t\t\t\t\t\t\t\t\t\t<img decoding=\"async\" width=\"126\" height=\"126\" src=\"https:\/\/infomediapr-websites-wp.s3.amazonaws.com\/wp-content\/uploads\/sites\/139\/2023\/12\/19164105\/7505a5_062b9179d05a4055882d627579c1ab5fmv2.png\" class=\"\" alt=\"\" \/>\t\t\t\t\t\t\t\t\t\t\t<\/span>\n\t\t\t\t\t\t\t\t\t\t<\/a>\n\t\t\t\t\t\t\t\t\t\t\t\t\t\t\t\t\t<\/div>\n\t\t\t\t\t\t\t<\/div>\n\t\t\t\t\t\t<\/div>\n\t\t\t\t\t\t\t\t\t\t\t<div class=\"elementskit-client-slider-item swiper-slide\">\n\t\t\t\t\t\t\t<div class=\"swiper-slide-inner\">\n\t\t\t\t\t\t\t\t<div class=\"single-client image-switcher\" title=\"T\u00edtulo #2\">\n\t\t\t\t\t\t\t\t\t\t\t\t\t\t\t\t\t\t\t<a href=\"https:\/\/www.pideuva.com\/restaurants\/100percent-hp-mauis-great-burger\" target=\"_blank\">\n\t\t\t\t\t\t\t\t\t\t\t<span class=\"content-image\">\n\t\t\t\t\t\t\t\t\t\t\t\t<img decoding=\"async\" width=\"126\" height=\"126\" src=\"https:\/\/infomediapr-websites-wp.s3.amazonaws.com\/wp-content\/uploads\/sites\/139\/2023\/12\/19164105\/7505a5_47d71b76079245d0823b6d80d67fbb37mv2.png\" class=\"\" alt=\"\" \/>\t\t\t\t\t\t\t\t\t\t\t<\/span>\n\t\t\t\t\t\t\t\t\t\t<\/a>\n\t\t\t\t\t\t\t\t\t\t\t\t\t\t\t\t\t<\/div>\n\t\t\t\t\t\t\t<\/div>\n\t\t\t\t\t\t<\/div>\n\t\t\t\t\t\t\t\t\t\t\t<div class=\"elementskit-client-slider-item swiper-slide\">\n\t\t\t\t\t\t\t<div class=\"swiper-slide-inner\">\n\t\t\t\t\t\t\t\t<div class=\"single-client image-switcher\" title=\"T\u00edtulo #3\">\n\t\t\t\t\t\t\t\t\t\t\t\t\t\t\t\t\t\t\t<a href=\"https:\/\/www.doordash.com\/store\/100%25-hp-san-juan-2444362\/\" target=\"_blank\">\n\t\t\t\t\t\t\t\t\t\t\t<span class=\"content-image\">\n\t\t\t\t\t\t\t\t\t\t\t\t<img decoding=\"async\" width=\"126\" height=\"126\" src=\"https:\/\/infomediapr-websites-wp.s3.amazonaws.com\/wp-content\/uploads\/sites\/139\/2023\/12\/19164105\/7505a5_de42b21047a046bf8e56df1c284efa34mv2.png\" class=\"\" alt=\"\" \/>\t\t\t\t\t\t\t\t\t\t\t<\/span>\n\t\t\t\t\t\t\t\t\t\t<\/a>\n\t\t\t\t\t\t\t\t\t\t\t\t\t\t\t\t\t<\/div>\n\t\t\t\t\t\t\t<\/div>\n\t\t\t\t\t\t<\/div>\n\t\t\t\t\t\t\t\t\t<\/div>\n\n\t\t\t\t\n\t\t\t\t\t\t\t<\/div><!-- .elementskit-clients-slider END -->\n\t\t<\/div>\n\t\t<\/div>\t\t\t\t<\/div>\n\t\t\t\t<\/div>\n\t\t\t\t<div class=\"elementor-element elementor-element-9a6703f elementor-widget elementor-widget-elementskit-client-logo\" data-id=\"9a6703f\" data-element_type=\"widget\" data-widget_type=\"elementskit-client-logo.default\">\n\t\t\t\t<div class=\"elementor-widget-container\">\n\t\t\t\t\t<div class=\"ekit-wid-con\" >\t\t<div class=\"elementskit-clients-slider  hover_from_bottom banner_logo_image\" data-config=\"{&quot;rtl&quot;:false,&quot;arrows&quot;:false,&quot;dots&quot;:false,&quot;autoplay&quot;:false,&quot;speed&quot;:1000,&quot;slidesPerView&quot;:4,&quot;slidesPerGroup&quot;:1,&quot;pauseOnHover&quot;:false,&quot;loop&quot;:false,&quot;breakpoints&quot;:{&quot;320&quot;:{&quot;slidesPerView&quot;:4,&quot;slidesPerGroup&quot;:1,&quot;spaceBetween&quot;:10},&quot;768&quot;:{&quot;slidesPerView&quot;:4,&quot;slidesPerGroup&quot;:1,&quot;spaceBetween&quot;:10},&quot;1024&quot;:{&quot;slidesPerView&quot;:4,&quot;slidesPerGroup&quot;:1,&quot;spaceBetween&quot;:4}}}\" data-direction=\"hover_from_bottom\">\n\t\t\t<div class=\"ekit-main-swiper swiper\">\n\t\t\t\t<div class=\"swiper-wrapper\">\n\t\t\t\t\t\t\t\t\t\t\t<div class=\"elementskit-client-slider-item swiper-slide\">\n\t\t\t\t\t\t\t<div class=\"swiper-slide-inner\">\n\t\t\t\t\t\t\t\t<div class=\"single-client image-switcher\" title=\"T\u00edtulo #1\">\n\t\t\t\t\t\t\t\t\t\t\t\t\t\t\t\t\t\t\t<a href=\"https:\/\/www.ubereats.com\/store\/100-hp\/p5dgoypuW0q38Gry6g5_fg\" target=\"_blank\">\n\t\t\t\t\t\t\t\t\t\t\t<span class=\"content-image\">\n\t\t\t\t\t\t\t\t\t\t\t\t<img decoding=\"async\" width=\"126\" height=\"126\" src=\"https:\/\/infomediapr-websites-wp.s3.amazonaws.com\/wp-content\/uploads\/sites\/139\/2023\/12\/19164105\/7505a5_062b9179d05a4055882d627579c1ab5fmv2.png\" class=\"\" alt=\"\" \/>\t\t\t\t\t\t\t\t\t\t\t<\/span>\n\t\t\t\t\t\t\t\t\t\t<\/a>\n\t\t\t\t\t\t\t\t\t\t\t\t\t\t\t\t\t<\/div>\n\t\t\t\t\t\t\t<\/div>\n\t\t\t\t\t\t<\/div>\n\t\t\t\t\t\t\t\t\t\t\t<div class=\"elementskit-client-slider-item swiper-slide\">\n\t\t\t\t\t\t\t<div class=\"swiper-slide-inner\">\n\t\t\t\t\t\t\t\t<div class=\"single-client image-switcher\" title=\"T\u00edtulo #2\">\n\t\t\t\t\t\t\t\t\t\t\t\t\t\t\t\t\t\t\t<a href=\"https:\/\/www.pideuva.com\/100percent-hp-mauis-great-burger\" target=\"_blank\">\n\t\t\t\t\t\t\t\t\t\t\t<span class=\"content-image\">\n\t\t\t\t\t\t\t\t\t\t\t\t<img decoding=\"async\" width=\"126\" height=\"126\" src=\"https:\/\/infomediapr-websites-wp.s3.amazonaws.com\/wp-content\/uploads\/sites\/139\/2023\/12\/19164105\/7505a5_47d71b76079245d0823b6d80d67fbb37mv2.png\" class=\"\" alt=\"\" \/>\t\t\t\t\t\t\t\t\t\t\t<\/span>\n\t\t\t\t\t\t\t\t\t\t<\/a>\n\t\t\t\t\t\t\t\t\t\t\t\t\t\t\t\t\t<\/div>\n\t\t\t\t\t\t\t<\/div>\n\t\t\t\t\t\t<\/div>\n\t\t\t\t\t\t\t\t\t\t\t<div class=\"elementskit-client-slider-item swiper-slide\">\n\t\t\t\t\t\t\t<div class=\"swiper-slide-inner\">\n\t\t\t\t\t\t\t\t<div class=\"single-client image-switcher\" title=\"T\u00edtulo #3\">\n\t\t\t\t\t\t\t\t\t\t\t\t\t\t\t\t\t\t\t<a href=\"https:\/\/www.doordash.com\/store\/100%25-hp-san-juan-2444362\/\" target=\"_blank\">\n\t\t\t\t\t\t\t\t\t\t\t<span class=\"content-image\">\n\t\t\t\t\t\t\t\t\t\t\t\t<img decoding=\"async\" width=\"126\" height=\"126\" src=\"https:\/\/infomediapr-websites-wp.s3.amazonaws.com\/wp-content\/uploads\/sites\/139\/2023\/12\/19164105\/7505a5_de42b21047a046bf8e56df1c284efa34mv2.png\" class=\"\" alt=\"\" \/>\t\t\t\t\t\t\t\t\t\t\t<\/span>\n\t\t\t\t\t\t\t\t\t\t<\/a>\n\t\t\t\t\t\t\t\t\t\t\t\t\t\t\t\t\t<\/div>\n\t\t\t\t\t\t\t<\/div>\n\t\t\t\t\t\t<\/div>\n\t\t\t\t\t\t\t\t\t<\/div>\n\n\t\t\t\t\n\t\t\t\t\t\t\t<\/div><!-- .elementskit-clients-slider END -->\n\t\t<\/div>\n\t\t<\/div>\t\t\t\t<\/div>\n\t\t\t\t<\/div>\n\t\t\t\t\t<\/div>\n\t\t<\/div>\n\t\t\t\t<div class=\"elementor-column elementor-col-50 elementor-inner-column elementor-element elementor-element-779e2cb\" data-id=\"779e2cb\" data-element_type=\"column\">\n\t\t\t<div class=\"elementor-widget-wrap elementor-element-populated\">\n\t\t\t\t\t\t<div class=\"elementor-element elementor-element-fa1810f elementor-widget elementor-widget-image\" data-id=\"fa1810f\" data-element_type=\"widget\" data-widget_type=\"image.default\">\n\t\t\t\t<div class=\"elementor-widget-container\">\n\t\t\t\t\t\t\t\t\t\t\t\t\t\t\t<img loading=\"lazy\" decoding=\"async\" width=\"365\" height=\"451\" src=\"https:\/\/infomediapr-websites-wp.s3.amazonaws.com\/wp-content\/uploads\/sites\/139\/2024\/04\/19164104\/Funky-Joe-2.png\" class=\"attachment-full size-full wp-image-351\" alt=\"\" srcset=\"https:\/\/infomediapr-websites-wp.s3.amazonaws.com\/wp-content\/uploads\/sites\/139\/2024\/04\/19164104\/Funky-Joe-2.png 365w, https:\/\/infomediapr-websites-wp.s3.amazonaws.com\/wp-content\/uploads\/sites\/139\/2024\/04\/19164104\/Funky-Joe-2-243x300.png 243w\" sizes=\"(max-width: 365px) 100vw, 365px\" \/>\t\t\t\t\t\t\t\t\t\t\t\t\t\t\t<\/div>\n\t\t\t\t<\/div>\n\t\t\t\t\t<\/div>\n\t\t<\/div>\n\t\t\t\t\t<\/div>\n\t\t<\/section>\n\t\t\t\t\t<\/div>\n\t\t<\/div>\n\t\t\t\t\t<\/div>\n\t\t<\/section>\n\t\t\t\t<\/div>","protected":false},"excerpt":{"rendered":"<p>SHHH&#8230; ENGA\u00d1A LA VISITA El \u00daNICO RESTAURANTE HP EN EL MUNDO DISE\u00d1ADO PARA CARN\u00cdVOROS.<\/p>","protected":false},"author":1,"featured_media":0,"parent":0,"menu_order":0,"comment_status":"closed","ping_status":"closed","template":"","meta":{"_joinchat":[],"footnotes":""},"class_list":["post-85","page","type-page","status-publish","hentry"],"yoast_head":"<!-- This site is optimized with the Yoast SEO plugin v25.3.1 - https:\/\/yoast.com\/wordpress\/plugins\/seo\/ -->\n<title>LE CAEMOS A TU CASA | 100% HP<\/title>\n<meta name=\"robots\" content=\"index, follow, max-snippet:-1, max-image-preview:large, max-video-preview:-1\" \/>\n<link rel=\"canonical\" href=\"https:\/\/enganandocarnivoros.com\/en\/le-caemos-a-tu-casa\/\" \/>\n<meta property=\"og:locale\" content=\"en_US\" \/>\n<meta property=\"og:type\" content=\"article\" \/>\n<meta property=\"og:title\" content=\"LE CAEMOS A TU CASA | 100% HP\" \/>\n<meta property=\"og:description\" content=\"SHHH&#8230; ENGA\u00d1A LA VISITA El \u00daNICO RESTAURANTE HP EN EL MUNDO DISE\u00d1ADO PARA CARN\u00cdVOROS.\" \/>\n<meta property=\"og:url\" content=\"https:\/\/enganandocarnivoros.com\/en\/le-caemos-a-tu-casa\/\" \/>\n<meta property=\"og:site_name\" content=\"100% HP\" \/>\n<meta property=\"article:modified_time\" content=\"2025-09-05T20:51:29+00:00\" \/>\n<meta property=\"og:image\" content=\"https:\/\/enganandocarnivoros.com\/wp-content\/uploads\/2023\/12\/7505a5_062b9179d05a4055882d627579c1ab5fmv2.png\" \/>\n<meta name=\"twitter:card\" content=\"summary_large_image\" \/>\n<meta name=\"twitter:label1\" content=\"Est. reading time\" \/>\n\t<meta name=\"twitter:data1\" content=\"2 minutes\" \/>\n<script type=\"application\/ld+json\" class=\"yoast-schema-graph\">{\"@context\":\"https:\/\/schema.org\",\"@graph\":[{\"@type\":\"WebPage\",\"@id\":\"https:\/\/enganandocarnivoros.com\/le-caemos-a-tu-casa\/\",\"url\":\"https:\/\/enganandocarnivoros.com\/le-caemos-a-tu-casa\/\",\"name\":\"LE CAEMOS A TU CASA | 100% HP\",\"isPartOf\":{\"@id\":\"https:\/\/enganandocarnivoros.com\/#website\"},\"primaryImageOfPage\":{\"@id\":\"https:\/\/enganandocarnivoros.com\/le-caemos-a-tu-casa\/#primaryimage\"},\"image\":{\"@id\":\"https:\/\/enganandocarnivoros.com\/le-caemos-a-tu-casa\/#primaryimage\"},\"thumbnailUrl\":\"https:\/\/enganandocarnivoros.com\/wp-content\/uploads\/2023\/12\/7505a5_062b9179d05a4055882d627579c1ab5fmv2.png\",\"datePublished\":\"2024-03-22T20:29:17+00:00\",\"dateModified\":\"2025-09-05T20:51:29+00:00\",\"breadcrumb\":{\"@id\":\"https:\/\/enganandocarnivoros.com\/le-caemos-a-tu-casa\/#breadcrumb\"},\"inLanguage\":\"en-US\",\"potentialAction\":[{\"@type\":\"ReadAction\",\"target\":[\"https:\/\/enganandocarnivoros.com\/le-caemos-a-tu-casa\/\"]}]},{\"@type\":\"ImageObject\",\"inLanguage\":\"en-US\",\"@id\":\"https:\/\/enganandocarnivoros.com\/le-caemos-a-tu-casa\/#primaryimage\",\"url\":\"https:\/\/enganandocarnivoros.com\/wp-content\/uploads\/2023\/12\/7505a5_062b9179d05a4055882d627579c1ab5fmv2.png\",\"contentUrl\":\"https:\/\/enganandocarnivoros.com\/wp-content\/uploads\/2023\/12\/7505a5_062b9179d05a4055882d627579c1ab5fmv2.png\"},{\"@type\":\"BreadcrumbList\",\"@id\":\"https:\/\/enganandocarnivoros.com\/le-caemos-a-tu-casa\/#breadcrumb\",\"itemListElement\":[{\"@type\":\"ListItem\",\"position\":1,\"name\":\"Portada\",\"item\":\"https:\/\/enganandocarnivoros.com\/\"},{\"@type\":\"ListItem\",\"position\":2,\"name\":\"LE CAEMOS A TU CASA\"}]},{\"@type\":\"WebSite\",\"@id\":\"https:\/\/enganandocarnivoros.com\/#website\",\"url\":\"https:\/\/enganandocarnivoros.com\/\",\"name\":\"100% HP\",\"description\":\"El \u00fanico restaurante vegano en el mundo dise\u00f1ado para carn\u00edvoros.\",\"publisher\":{\"@id\":\"https:\/\/enganandocarnivoros.com\/#organization\"},\"potentialAction\":[{\"@type\":\"SearchAction\",\"target\":{\"@type\":\"EntryPoint\",\"urlTemplate\":\"https:\/\/enganandocarnivoros.com\/?s={search_term_string}\"},\"query-input\":{\"@type\":\"PropertyValueSpecification\",\"valueRequired\":true,\"valueName\":\"search_term_string\"}}],\"inLanguage\":\"en-US\"},{\"@type\":\"Organization\",\"@id\":\"https:\/\/enganandocarnivoros.com\/#organization\",\"name\":\"100% HP\",\"url\":\"https:\/\/enganandocarnivoros.com\/\",\"logo\":{\"@type\":\"ImageObject\",\"inLanguage\":\"en-US\",\"@id\":\"https:\/\/enganandocarnivoros.com\/#\/schema\/logo\/image\/\",\"url\":\"https:\/\/infomediapr-websites-wp.s3.amazonaws.com\/wp-content\/uploads\/sites\/139\/2024\/03\/19164128\/HP-logo-copy.png\",\"contentUrl\":\"https:\/\/infomediapr-websites-wp.s3.amazonaws.com\/wp-content\/uploads\/sites\/139\/2024\/03\/19164128\/HP-logo-copy.png\",\"width\":276,\"height\":276,\"caption\":\"100% HP\"},\"image\":{\"@id\":\"https:\/\/enganandocarnivoros.com\/#\/schema\/logo\/image\/\"}}]}<\/script>\n<!-- \/ Yoast SEO plugin. -->","yoast_head_json":{"title":"LE CAEMOS A TU CASA | 100% HP","robots":{"index":"index","follow":"follow","max-snippet":"max-snippet:-1","max-image-preview":"max-image-preview:large","max-video-preview":"max-video-preview:-1"},"canonical":"https:\/\/enganandocarnivoros.com\/en\/le-caemos-a-tu-casa\/","og_locale":"en_US","og_type":"article","og_title":"LE CAEMOS A TU CASA | 100% HP","og_description":"SHHH&#8230; ENGA\u00d1A LA VISITA El \u00daNICO RESTAURANTE HP EN EL MUNDO DISE\u00d1ADO PARA CARN\u00cdVOROS.","og_url":"https:\/\/enganandocarnivoros.com\/en\/le-caemos-a-tu-casa\/","og_site_name":"100% HP","article_modified_time":"2025-09-05T20:51:29+00:00","og_image":[{"url":"https:\/\/enganandocarnivoros.com\/wp-content\/uploads\/2023\/12\/7505a5_062b9179d05a4055882d627579c1ab5fmv2.png","type":"","width":"","height":""}],"twitter_card":"summary_large_image","twitter_misc":{"Est. reading time":"2 minutes"},"schema":{"@context":"https:\/\/schema.org","@graph":[{"@type":"WebPage","@id":"https:\/\/enganandocarnivoros.com\/le-caemos-a-tu-casa\/","url":"https:\/\/enganandocarnivoros.com\/le-caemos-a-tu-casa\/","name":"LE CAEMOS A TU CASA | 100% HP","isPartOf":{"@id":"https:\/\/enganandocarnivoros.com\/#website"},"primaryImageOfPage":{"@id":"https:\/\/enganandocarnivoros.com\/le-caemos-a-tu-casa\/#primaryimage"},"image":{"@id":"https:\/\/enganandocarnivoros.com\/le-caemos-a-tu-casa\/#primaryimage"},"thumbnailUrl":"https:\/\/enganandocarnivoros.com\/wp-content\/uploads\/2023\/12\/7505a5_062b9179d05a4055882d627579c1ab5fmv2.png","datePublished":"2024-03-22T20:29:17+00:00","dateModified":"2025-09-05T20:51:29+00:00","breadcrumb":{"@id":"https:\/\/enganandocarnivoros.com\/le-caemos-a-tu-casa\/#breadcrumb"},"inLanguage":"en-US","potentialAction":[{"@type":"ReadAction","target":["https:\/\/enganandocarnivoros.com\/le-caemos-a-tu-casa\/"]}]},{"@type":"ImageObject","inLanguage":"en-US","@id":"https:\/\/enganandocarnivoros.com\/le-caemos-a-tu-casa\/#primaryimage","url":"https:\/\/enganandocarnivoros.com\/wp-content\/uploads\/2023\/12\/7505a5_062b9179d05a4055882d627579c1ab5fmv2.png","contentUrl":"https:\/\/enganandocarnivoros.com\/wp-content\/uploads\/2023\/12\/7505a5_062b9179d05a4055882d627579c1ab5fmv2.png"},{"@type":"BreadcrumbList","@id":"https:\/\/enganandocarnivoros.com\/le-caemos-a-tu-casa\/#breadcrumb","itemListElement":[{"@type":"ListItem","position":1,"name":"Portada","item":"https:\/\/enganandocarnivoros.com\/"},{"@type":"ListItem","position":2,"name":"LE CAEMOS A TU CASA"}]},{"@type":"WebSite","@id":"https:\/\/enganandocarnivoros.com\/#website","url":"https:\/\/enganandocarnivoros.com\/","name":"100% HP","description":"El \u00fanico restaurante vegano en el mundo dise\u00f1ado para carn\u00edvoros.","publisher":{"@id":"https:\/\/enganandocarnivoros.com\/#organization"},"potentialAction":[{"@type":"SearchAction","target":{"@type":"EntryPoint","urlTemplate":"https:\/\/enganandocarnivoros.com\/?s={search_term_string}"},"query-input":{"@type":"PropertyValueSpecification","valueRequired":true,"valueName":"search_term_string"}}],"inLanguage":"en-US"},{"@type":"Organization","@id":"https:\/\/enganandocarnivoros.com\/#organization","name":"100% HP","url":"https:\/\/enganandocarnivoros.com\/","logo":{"@type":"ImageObject","inLanguage":"en-US","@id":"https:\/\/enganandocarnivoros.com\/#\/schema\/logo\/image\/","url":"https:\/\/infomediapr-websites-wp.s3.amazonaws.com\/wp-content\/uploads\/sites\/139\/2024\/03\/19164128\/HP-logo-copy.png","contentUrl":"https:\/\/infomediapr-websites-wp.s3.amazonaws.com\/wp-content\/uploads\/sites\/139\/2024\/03\/19164128\/HP-logo-copy.png","width":276,"height":276,"caption":"100% HP"},"image":{"@id":"https:\/\/enganandocarnivoros.com\/#\/schema\/logo\/image\/"}}]}},"_links":{"self":[{"href":"https:\/\/enganandocarnivoros.com\/en\/wp-json\/wp\/v2\/pages\/85","targetHints":{"allow":["GET"]}}],"collection":[{"href":"https:\/\/enganandocarnivoros.com\/en\/wp-json\/wp\/v2\/pages"}],"about":[{"href":"https:\/\/enganandocarnivoros.com\/en\/wp-json\/wp\/v2\/types\/page"}],"author":[{"embeddable":true,"href":"https:\/\/enganandocarnivoros.com\/en\/wp-json\/wp\/v2\/users\/1"}],"replies":[{"embeddable":true,"href":"https:\/\/enganandocarnivoros.com\/en\/wp-json\/wp\/v2\/comments?post=85"}],"version-history":[{"count":59,"href":"https:\/\/enganandocarnivoros.com\/en\/wp-json\/wp\/v2\/pages\/85\/revisions"}],"predecessor-version":[{"id":1134,"href":"https:\/\/enganandocarnivoros.com\/en\/wp-json\/wp\/v2\/pages\/85\/revisions\/1134"}],"wp:attachment":[{"href":"https:\/\/enganandocarnivoros.com\/en\/wp-json\/wp\/v2\/media?parent=85"}],"curies":[{"name":"wp","href":"https:\/\/api.w.org\/{rel}","templated":true}]}}